{"id":10,"date":"2023-07-15T05:08:56","date_gmt":"2023-07-15T05:08:56","guid":{"rendered":"https:\/\/subdomains.fengshuiconsult.ro\/?page_id=10"},"modified":"2023-07-15T05:09:21","modified_gmt":"2023-07-15T05:09:21","slug":"politica-de-confidentialitate","status":"publish","type":"page","link":"https:\/\/subdomains.fengshuiconsult.ro\/index.php\/politica-de-confidentialitate\/","title":{"rendered":"Politica de confiden\u021bialitate"},"content":{"rendered":"\n<p>Echipa site-ului www.fengshuiconsult.ro se angajeaza sa va protejeze confidentialitatea.<\/p>\n\n\n\n<p>Pentru orice intrebari sau probleme legate de utilizarea datelor dumneavoastra personale va rugam sa ne trimiteti un e-mail la adresa abuse@astromagie.com si va vom ajuta cu cea mai mare placere.<\/p>\n\n\n\n<p>Prin navigarea pe acest site si utilizarea acestuia sau a serviciilor noastre, sunteti de acord cu prelucrarea datelor dumneavoastra personale, dupa cum este descris in aceasta pagina de Politica de Confidentialitate.<\/p>\n\n\n\n<p><strong>Definitii utilizate<\/strong><\/p>\n\n\n\n<p>\u2013 Principii de protectie a datelor<\/p>\n\n\n\n<p>\u2013 Ce drepturi aveti cu privire la utilizarea datele personale<\/p>\n\n\n\n<p>\u2013 Ce date personale colectam<\/p>\n\n\n\n<p>\u2013 Cum folosim datele dumneavoastra personale<\/p>\n\n\n\n<p>\u2013 Cine altcineva are acces la datele personale<\/p>\n\n\n\n<p>\u2013 Cum securizam datele dumneavoastra<\/p>\n\n\n\n<p>\u2013 Informatii despre cookie-uri<\/p>\n\n\n\n<p>\u2013 Stergerea datelor personale<\/p>\n\n\n\n<p>\u2013 Informatii de contact<\/p>\n\n\n\n<p><strong>Definitii<\/strong><\/p>\n\n\n\n<p><strong>Datele cu caracter personal<\/strong> \u2013 orice informatie privind o persoana fizica identificata sau identificabila.<br><strong>Prelucrare<\/strong> \u2013 orice operatiune sau set de operatiuni care se efectueaza asupra datelor cu caracter personal sau seturi de date cu caracter personal.<br><strong>Persoana vizata<\/strong> \u2013 persoana fizice ale caror date personale sunt prelucrate.<br><strong>Copil<\/strong> \u2013 o persoana fizica cu varsta sub 18 ani.<\/p>\n\n\n\n<p><strong>Principii de protectie a datelor<\/strong><\/p>\n\n\n\n<p>Ne angajam sa urmam urmatoarele principii de protectie si prelucrare a dateleor cu caracter personal:<\/p>\n\n\n\n<p>Procesarea este legala, corecta, transparenta. Activitatile noastre de prelucrare au motive legale. Intotdeauna consideram drepturile dvs. inainte de prelucrarea datelor personale.<\/p>\n\n\n\n<p>Procesarea este limitata ca scop. Activitatile noastre de procesare corespund scopului pentru care au fost colectate datele personale.<\/p>\n\n\n\n<p>Procesarea se face cu date minime. Noi colectam si procesam doar cantitatea minima de date personale necesare pentru orice scop.<\/p>\n\n\n\n<p>Prelucrarea este limitata pe o perioada de timp de 5 ani. Noi nu vom stoca datele cu caracter personal pentru o perioada mai mare decat este necesar.<\/p>\n\n\n\n<p>Vom face tot posibilul pentru a asigura acuratetea datelor.<\/p>\n\n\n\n<p>Vom face tot posibilul pentru a asigura integritatea si confidentialitatea datelor.<\/p>\n\n\n\n<p><strong>Drepturile persoanelor vizate<\/strong><\/p>\n\n\n\n<p>Persoana vizata are urmatoarele drepturi:<\/p>\n\n\n\n<p>Dreptul la informare \u2013 ceea ce inseamna ca trebuie sa stiti daca datele dvs. personale sunt procesate; ce date sunt colectate, de unde sunt obtinute si de ce si de cine sunt prelucrate.<\/p>\n\n\n\n<p>Dreptul de acces \u2013 ceea ce inseamna ca aveti dreptul de a accesa datele colectate de la \/ despre dvs. Aceasta include dreptul dvs. de a solicita si de a obtine o copie a datelor dvs. personale culese.<\/p>\n\n\n\n<p>Dreptul la actualizare\/rectificare \u2013 ceea ce inseamna aveti dreptul de a solicita rectificarea sau stergerea datelor dumneavoastra personale, care sunt inexacte sau incomplete.<\/p>\n\n\n\n<p>Dreptul de stergere \u2013 ceea ce inseamna ca in anumite circumstante puteti cere ca datele dvs. personale sa fie sterse din inregistrarile noastre.<\/p>\n\n\n\n<p>Dreptul de a restrictiona procesarea \u2013 adica in cazul in care se aplica anumite conditii, aveti dreptul sa restrictionati procesarea datelor dvs. personale.<\/p>\n\n\n\n<p>Dreptul de a se opune procesarii \u2013 adica in anumite cazuri aveti dreptul sa va opuneti procesarii datelor dvs. personale, de exemplu in cazul marketingului direct.<\/p>\n\n\n\n<p>Dreptul de a se opune prelucrarii automate \u2013 ceea ce inseamna ca aveti dreptul sa faceti obiectii fata de procesarea automata, inclusiv de profilare; si sa nu faca obiectul unei decizii bazate exclusiv pe prelucrarea automata. Acest drept poate fi exercitat ori de cate ori exista un rezultat al profilarii care produce efecte juridice care te afecteaza sau te afecteaza in mod semnificativ.<\/p>\n\n\n\n<p>Dreptul la portabilitatea datelor \u2013 aveti dreptul sa obtineti datele dvs. personale intr-un format adecvat sau, daca este posibil ca transfer direct de la un procesator la altul..<\/p>\n\n\n\n<p>Dreptul de a depune o plangere \u2013 in cazul in care refuzam cererea dvs. in baza Drepturilor de Acces, va vom oferi un motiv de ce. Daca nu sunteti multumit de modul in care a fost tratata solicitarea dvs., va rugam sa ne contactati.<\/p>\n\n\n\n<p>Dreptul de ajutor de la autoritatea de supraveghere \u2013 ceea ce inseamna ca aveti dreptul la ajutorul unei autoritati de supraveghere si dreptul la alte cai de atac, cum ar fi solicitarea de despagubiri.<\/p>\n\n\n\n<p>Dreptul de a retrage consimtamantul \u2013 ai dreptul retrage orice acord dat de prelucrare a datelor dumneavoastra personale.<\/p>\n\n\n\n<p><strong>Ce date personale colectam<\/strong><\/p>\n\n\n\n<p>Informatii pe care ni le-ati furnizat<br>Aceasta poate fi adresa dvs. de e-mail, numele, adresa de facturare, adresa de domiciliu etc. \u2013 in principal informatiile necesare pentru livrarea unui produs \/ serviciu sau pentru a va imbunatati experienta clientilor cu noi. Salvam informatiile pe care ni le furnizati pentru a putea comenta sau efectua alte activitati pe site. Aceste informatii includ, de exemplu, numele dvs. si adresa de e-mail.<\/p>\n\n\n\n<p>Informatii colectate automat despre dvs.<br>Aceasta include informatii care sunt stocate automat de module cookie si alte instrumente de sesiune. De exemplu, informatiile despre cosul de cumparaturi, adresa dvs. IP, istoricul de cumparaturi (daca exista), etc. Aceste informatii sunt utilizate pentru a imbunatati experienta clientilor. Cand utilizati serviciile noastre sau cautati continutul site-ului nostru, activitatile dvs. pot fi inregistrate. De asemenea, acest informatii sunt folosite pentru a preveni sau documenta activitatile frauduloase sau contrare legii.<\/p>\n\n\n\n<p><strong>Cum folosim datele dumneavoastra personale<\/strong><\/p>\n\n\n\n<p>Noi folosim datele dvs. personale pentru a:<\/p>\n\n\n\n<p>\u2013 va furniza produsele sau serviciile noastre. Aceasta include, de exemplu, inregistrarea contului; livrarea produselor, livrarea serviciilor, oferirea de elemente promotionale specifice, comunicarea cu dvs. , notificicari, comunicari de modificiarea de produse sau servicii<\/p>\n\n\n\n<p>\u2013 imbunatatiti experienta clientilor;<\/p>\n\n\n\n<p>\u2013 gestionarea si analiza interna a bazei noastra de clienti (comportamentul de cumparare \/ vizitare si istoricul) pentru a imbunatati calitatea, varietatea si disponibilitatea produselor \/ serviciilor oferite \/ furnizate)<\/p>\n\n\n\n<p><strong>Cu acordul dvs. vom procesa datele dvs. personale in urmatoarele scopuri:<\/strong><\/p>\n\n\n\n<p>\u2013 pentru a va trimite produsele comandate<\/p>\n\n\n\n<p>\u2013 pentru a va trimite buletine informative si\/sau oferte in diferite campanii de marketing<\/p>\n\n\n\n<p>\u2013 pentru alte scopuri pentru care v-am cerut acordul dvs;<\/p>\n\n\n\n<p>Noi procesam datele dvs. personale pentru a indeplini obligatiile care decurg din lege si \/ sau pentru a folosi datele dumneavoastra personale pentru optiunile prevazute de lege. Ne rezervam dreptul de a anonimiza datele personale adunate si de a utiliza astfel de date. Vom folosi datele in afara domeniului de aplicare al prezentei Politici numai atunci cand este anonima. Salvam informatiile dvs. de facturare si alte informatii culese despre dvs. atat timp cat este necesar in scopuri contabile sau alte obligatii care decurg din termene legale, dar nu mai mult de 5 ani.<\/p>\n\n\n\n<p>Va vom informa despre orice procesare si scopuri ulterioare.<\/p>\n\n\n\n<p><strong>Cine altcineva are acces la datele personale<\/strong><\/p>\n\n\n\n<p>Nu utilizam datele dvs. personale in relatia cu companii terte, parteneri sau alte persoane din exteriorul companiei.<\/p>\n\n\n\n<p>Nu vom dezvalui datele dvs. personale tertilor sau institutiilor publice decat atunci cand suntem obligati din punct de vedere legal sa facem acest lucru. Am putea dezvalui datele dvs. personale unor terte parti daca v-ati dat acordul sau daca exista alte motive legale pentru aceasta.<\/p>\n\n\n\n<p>In mod anonim, anumite date personale pot fi transmise tertilor, printre care: Google Analytics, Facebook, program-afiliere.com<\/p>\n\n\n\n<p><strong>Cum putem securiza datele dumneavoastra<\/strong><\/p>\n\n\n\n<p>Facem tot posibilul pentru a pastra datele dvs. personale in siguranta. Utilizam protocoale sigure pentru comunicare si transfer de date, precum si ultimele versiuni de software, atat pe calculatoarele interne, cat si pe servere. Folosim anonimizarea si pseudonimizarea acolo unde este posibil.<\/p>\n\n\n\n<p>Monitorizam sistemele noastre pentru posibile vulnerabilitati si atacuri.<\/p>\n\n\n\n<p>Depunem toate eforturile pentru a preveni orice fel de incalcare a securitatii si sigurantei datelor. Desi incercam tot ce ne sta in putinta, nu putem garanta securitatea informatiilor. Cu toate acestea, ne angajam sa notificam autoritatile competente privind incalcarile protectiei datelor.<\/p>\n\n\n\n<p>De asemenea, va vom anunta daca exista o amenintare sau o problema legata de datele dumneavoastra personale.<\/p>\n\n\n\n<p>Vom face tot ce putem in mod rezonabil pentru a preveni incalcarea securitatii si pentru a asista autoritatile in cazul in care vor aparea incalcari.<\/p>\n\n\n\n<p>Daca aveti un cont la noi, este de datoria dvs. sa pastrati numele de utilizator si parola secrete. De asemenea este de datoria dumneavoastra sa pastrati orice alte informatii despre cont, secrete.<\/p>\n\n\n\n<p>Gazduirea acestui site este realizata pe server-e aflate fizic in Uniunea Europeana, care respecta regulile GDPR.<\/p>\n\n\n\n<p><strong>Politica fata de minori<\/strong><\/p>\n\n\n\n<p>Nu intentionam sa colectam cu buna stiinta informatii de la minori. Serviciile si produsele oferite si comercializate de noi nu au ca potential clienti minorii si nici nu se adreseaza acestora.<\/p>\n\n\n\n<p><strong>Informatii despre cookie-uri<\/strong><\/p>\n\n\n\n<p>Informatiile legate de cookie-uri le gasiti intr-o pagina separata: <strong><a href=\"http:\/\/www.feng.shui.ro\/cookies.htm\">Informare cookie-uri<\/a><\/strong><\/p>\n\n\n\n<p><strong>Stergerea datelor personale<\/strong><\/p>\n\n\n\n<p>Datele dumneavoastra pot fi sterse oricand, in mod gratuit, din sistemele noastre.<\/p>\n\n\n\n<p>Pentru aceasta va rugam sa trimiteti un e-mail la adresa <a href=\"mailto:abuse@astromagie.com\">abuse@astromagie.com<\/a><\/p>\n\n\n\n<p>Utilizam Google Analytics pentru a masura traficul pe site-ul nostru. Google are propria politica de confidentialitate pe care o puteti consulta accesand urmatorul <a href=\"https:\/\/support.google.com\/analytics\/answer\/6004245\" target=\"_blank\" rel=\"noreferrer noopener\">link<\/a>. Daca doriti sa renuntati la urmarirea de catre Google Analytics, accesati <a href=\"https:\/\/tools.google.com\/dlpage\/gaoptout\" target=\"_blank\" rel=\"noreferrer noopener\">Google Analytics opt-out page<\/a>.<\/p>\n\n\n\n<p>Totodata, pentru eliminarea urmaririi, va invitam sa accesati urmatorul <a href=\"http:\/\/optout.aboutads.info\/?c=2#!\/\" target=\"_blank\" rel=\"noreferrer noopener\">link<\/a>.<\/p>\n\n\n\n<p>Pentru a elimina complet datele dumneavoastr\u0103 de pe acest site, v\u0103 rug\u0103m s\u0103 ne trimiteti un email.<\/p>\n\n\n\n<p><\/p>\n\n\n\n<p><\/p>\n\n\n\n<p id=\"gdpr-changes\"><strong>Informatii de contact<\/strong><\/p>\n\n\n\n<p>www.fengshuiconsult.ro<\/p>\n\n\n\n<p>Feng Shui Consult S.R.L.<\/p>\n\n\n\n<p>J08\/1175\/2006, RO18678589<\/p>\n\n\n\n<p>OP 1 \u2013 CP 88N, 500500 Bra\u0219ov, jud. Bra\u0219ov.<\/p>\n\n\n\n<p>0764-19.88.88<\/p>\n\n\n\n<p>0773-89.89.89<\/p>\n\n\n\n<p>e-mail: <a href=\"mailto:abuse@astromagie.com\">abuse@astromagie.com<\/a><\/p>\n\n\n\n<p id=\"gdpr-changes2\"><strong>Modific\u0103ri in politica de confiden\u021bialitate<\/strong><\/p>\n\n\n\n<p>Ne rezerv\u0103m dreptul de a modifica aceast\u0103 politic\u0103 de confiden\u021bialitate, oricand, fara o notificare prealabila.<\/p>\n\n\n\n<p>Ver. 1 \/ 2023<\/p>\n","protected":false},"excerpt":{"rendered":"<p>Echipa site-ului www.fengshuiconsult.ro se angajeaza sa va protejeze confidentialitatea. Pentru orice intrebari sau probleme legate de utilizarea datelor dumneavoastra personale va rugam sa ne trimiteti un e-mail la adresa abuse@astromagie.com si va vom ajuta cu cea mai mare placere. Prin navigarea pe acest site si utilizarea acestuia sau a serviciilor noastre, sunteti de acord cu &#8230; <a title=\"Politica de confiden\u021bialitate\" class=\"read-more\" href=\"https:\/\/subdomains.fengshuiconsult.ro\/index.php\/politica-de-confidentialitate\/\" aria-label=\"Read more about Politica de confiden\u021bialitate\">Read more<\/a><\/p>\n","protected":false},"author":1,"featured_media":0,"parent":0,"menu_order":0,"comment_status":"closed","ping_status":"closed","template":"","meta":{"footnotes":""},"class_list":["post-10","page","type-page","status-publish"],"yoast_head":"<!-- This site is optimized with the Yoast SEO plugin v27.5 - https:\/\/yoast.com\/product\/yoast-seo-wordpress\/ -->\n<title>Politica de confiden\u021bialitate - Sub<\/title>\n<meta name=\"robots\" content=\"index, follow, max-snippet:-1, max-image-preview:large, max-video-preview:-1\" \/>\n<link rel=\"canonical\" href=\"https:\/\/subdomains.fengshuiconsult.ro\/index.php\/politica-de-confidentialitate\/\" \/>\n<meta property=\"og:locale\" content=\"en_US\" \/>\n<meta property=\"og:type\" content=\"article\" \/>\n<meta property=\"og:title\" content=\"Politica de confiden\u021bialitate - Sub\" \/>\n<meta property=\"og:description\" content=\"Echipa site-ului www.fengshuiconsult.ro se angajeaza sa va protejeze confidentialitatea. Pentru orice intrebari sau probleme legate de utilizarea datelor dumneavoastra personale va rugam sa ne trimiteti un e-mail la adresa abuse@astromagie.com si va vom ajuta cu cea mai mare placere. Prin navigarea pe acest site si utilizarea acestuia sau a serviciilor noastre, sunteti de acord cu ... Read more\" \/>\n<meta property=\"og:url\" content=\"https:\/\/subdomains.fengshuiconsult.ro\/index.php\/politica-de-confidentialitate\/\" \/>\n<meta property=\"og:site_name\" content=\"Sub\" \/>\n<meta property=\"article:modified_time\" content=\"2023-07-15T05:09:21+00:00\" \/>\n<meta name=\"twitter:card\" content=\"summary_large_image\" \/>\n<meta name=\"twitter:label1\" content=\"Est. reading time\" \/>\n\t<meta name=\"twitter:data1\" content=\"7 minutes\" \/>\n<script type=\"application\/ld+json\" class=\"yoast-schema-graph\">{\"@context\":\"https:\\\/\\\/schema.org\",\"@graph\":[{\"@type\":\"WebPage\",\"@id\":\"https:\\\/\\\/subdomains.fengshuiconsult.ro\\\/index.php\\\/politica-de-confidentialitate\\\/\",\"url\":\"https:\\\/\\\/subdomains.fengshuiconsult.ro\\\/index.php\\\/politica-de-confidentialitate\\\/\",\"name\":\"Politica de confiden\u021bialitate - Sub\",\"isPartOf\":{\"@id\":\"https:\\\/\\\/subdomains.fengshuiconsult.ro\\\/#website\"},\"datePublished\":\"2023-07-15T05:08:56+00:00\",\"dateModified\":\"2023-07-15T05:09:21+00:00\",\"breadcrumb\":{\"@id\":\"https:\\\/\\\/subdomains.fengshuiconsult.ro\\\/index.php\\\/politica-de-confidentialitate\\\/#breadcrumb\"},\"inLanguage\":\"en-US\",\"potentialAction\":[{\"@type\":\"ReadAction\",\"target\":[\"https:\\\/\\\/subdomains.fengshuiconsult.ro\\\/index.php\\\/politica-de-confidentialitate\\\/\"]}]},{\"@type\":\"BreadcrumbList\",\"@id\":\"https:\\\/\\\/subdomains.fengshuiconsult.ro\\\/index.php\\\/politica-de-confidentialitate\\\/#breadcrumb\",\"itemListElement\":[{\"@type\":\"ListItem\",\"position\":1,\"name\":\"Prima pagin\u0103\",\"item\":\"https:\\\/\\\/subdomains.fengshuiconsult.ro\\\/\"},{\"@type\":\"ListItem\",\"position\":2,\"name\":\"Politica de confiden\u021bialitate\"}]},{\"@type\":\"WebSite\",\"@id\":\"https:\\\/\\\/subdomains.fengshuiconsult.ro\\\/#website\",\"url\":\"https:\\\/\\\/subdomains.fengshuiconsult.ro\\\/\",\"name\":\"Consultan\u021b\u0103 Feng Shui \u00een Romania \u0219i str\u0103in\u0103tate\",\"description\":\"\",\"publisher\":{\"@id\":\"https:\\\/\\\/subdomains.fengshuiconsult.ro\\\/#organization\"},\"potentialAction\":[{\"@type\":\"SearchAction\",\"target\":{\"@type\":\"EntryPoint\",\"urlTemplate\":\"https:\\\/\\\/subdomains.fengshuiconsult.ro\\\/?s={search_term_string}\"},\"query-input\":{\"@type\":\"PropertyValueSpecification\",\"valueRequired\":true,\"valueName\":\"search_term_string\"}}],\"inLanguage\":\"en-US\"},{\"@type\":\"Organization\",\"@id\":\"https:\\\/\\\/subdomains.fengshuiconsult.ro\\\/#organization\",\"name\":\"Feng Shui Consult\",\"url\":\"https:\\\/\\\/subdomains.fengshuiconsult.ro\\\/\",\"logo\":{\"@type\":\"ImageObject\",\"inLanguage\":\"en-US\",\"@id\":\"https:\\\/\\\/subdomains.fengshuiconsult.ro\\\/#\\\/schema\\\/logo\\\/image\\\/\",\"url\":\"https:\\\/\\\/subdomains.fengshuiconsult.ro\\\/wp-content\\\/uploads\\\/2023\\\/07\\\/nodul-mistic-rosu.png\",\"contentUrl\":\"https:\\\/\\\/subdomains.fengshuiconsult.ro\\\/wp-content\\\/uploads\\\/2023\\\/07\\\/nodul-mistic-rosu.png\",\"width\":600,\"height\":455,\"caption\":\"Feng Shui Consult\"},\"image\":{\"@id\":\"https:\\\/\\\/subdomains.fengshuiconsult.ro\\\/#\\\/schema\\\/logo\\\/image\\\/\"}}]}<\/script>\n<!-- \/ Yoast SEO plugin. -->","yoast_head_json":{"title":"Politica de confiden\u021bialitate - Sub","robots":{"index":"index","follow":"follow","max-snippet":"max-snippet:-1","max-image-preview":"max-image-preview:large","max-video-preview":"max-video-preview:-1"},"canonical":"https:\/\/subdomains.fengshuiconsult.ro\/index.php\/politica-de-confidentialitate\/","og_locale":"en_US","og_type":"article","og_title":"Politica de confiden\u021bialitate - Sub","og_description":"Echipa site-ului www.fengshuiconsult.ro se angajeaza sa va protejeze confidentialitatea. Pentru orice intrebari sau probleme legate de utilizarea datelor dumneavoastra personale va rugam sa ne trimiteti un e-mail la adresa abuse@astromagie.com si va vom ajuta cu cea mai mare placere. Prin navigarea pe acest site si utilizarea acestuia sau a serviciilor noastre, sunteti de acord cu ... Read more","og_url":"https:\/\/subdomains.fengshuiconsult.ro\/index.php\/politica-de-confidentialitate\/","og_site_name":"Sub","article_modified_time":"2023-07-15T05:09:21+00:00","twitter_card":"summary_large_image","twitter_misc":{"Est. reading time":"7 minutes"},"schema":{"@context":"https:\/\/schema.org","@graph":[{"@type":"WebPage","@id":"https:\/\/subdomains.fengshuiconsult.ro\/index.php\/politica-de-confidentialitate\/","url":"https:\/\/subdomains.fengshuiconsult.ro\/index.php\/politica-de-confidentialitate\/","name":"Politica de confiden\u021bialitate - Sub","isPartOf":{"@id":"https:\/\/subdomains.fengshuiconsult.ro\/#website"},"datePublished":"2023-07-15T05:08:56+00:00","dateModified":"2023-07-15T05:09:21+00:00","breadcrumb":{"@id":"https:\/\/subdomains.fengshuiconsult.ro\/index.php\/politica-de-confidentialitate\/#breadcrumb"},"inLanguage":"en-US","potentialAction":[{"@type":"ReadAction","target":["https:\/\/subdomains.fengshuiconsult.ro\/index.php\/politica-de-confidentialitate\/"]}]},{"@type":"BreadcrumbList","@id":"https:\/\/subdomains.fengshuiconsult.ro\/index.php\/politica-de-confidentialitate\/#breadcrumb","itemListElement":[{"@type":"ListItem","position":1,"name":"Prima pagin\u0103","item":"https:\/\/subdomains.fengshuiconsult.ro\/"},{"@type":"ListItem","position":2,"name":"Politica de confiden\u021bialitate"}]},{"@type":"WebSite","@id":"https:\/\/subdomains.fengshuiconsult.ro\/#website","url":"https:\/\/subdomains.fengshuiconsult.ro\/","name":"Consultan\u021b\u0103 Feng Shui \u00een Romania \u0219i str\u0103in\u0103tate","description":"","publisher":{"@id":"https:\/\/subdomains.fengshuiconsult.ro\/#organization"},"potentialAction":[{"@type":"SearchAction","target":{"@type":"EntryPoint","urlTemplate":"https:\/\/subdomains.fengshuiconsult.ro\/?s={search_term_string}"},"query-input":{"@type":"PropertyValueSpecification","valueRequired":true,"valueName":"search_term_string"}}],"inLanguage":"en-US"},{"@type":"Organization","@id":"https:\/\/subdomains.fengshuiconsult.ro\/#organization","name":"Feng Shui Consult","url":"https:\/\/subdomains.fengshuiconsult.ro\/","logo":{"@type":"ImageObject","inLanguage":"en-US","@id":"https:\/\/subdomains.fengshuiconsult.ro\/#\/schema\/logo\/image\/","url":"https:\/\/subdomains.fengshuiconsult.ro\/wp-content\/uploads\/2023\/07\/nodul-mistic-rosu.png","contentUrl":"https:\/\/subdomains.fengshuiconsult.ro\/wp-content\/uploads\/2023\/07\/nodul-mistic-rosu.png","width":600,"height":455,"caption":"Feng Shui Consult"},"image":{"@id":"https:\/\/subdomains.fengshuiconsult.ro\/#\/schema\/logo\/image\/"}}]}},"_links":{"self":[{"href":"https:\/\/subdomains.fengshuiconsult.ro\/index.php\/wp-json\/wp\/v2\/pages\/10","targetHints":{"allow":["GET"]}}],"collection":[{"href":"https:\/\/subdomains.fengshuiconsult.ro\/index.php\/wp-json\/wp\/v2\/pages"}],"about":[{"href":"https:\/\/subdomains.fengshuiconsult.ro\/index.php\/wp-json\/wp\/v2\/types\/page"}],"author":[{"embeddable":true,"href":"https:\/\/subdomains.fengshuiconsult.ro\/index.php\/wp-json\/wp\/v2\/users\/1"}],"replies":[{"embeddable":true,"href":"https:\/\/subdomains.fengshuiconsult.ro\/index.php\/wp-json\/wp\/v2\/comments?post=10"}],"version-history":[{"count":0,"href":"https:\/\/subdomains.fengshuiconsult.ro\/index.php\/wp-json\/wp\/v2\/pages\/10\/revisions"}],"wp:attachment":[{"href":"https:\/\/subdomains.fengshuiconsult.ro\/index.php\/wp-json\/wp\/v2\/media?parent=10"}],"curies":[{"name":"wp","href":"https:\/\/api.w.org\/{rel}","templated":true}]}}