{"id":157,"date":"2023-07-15T11:33:21","date_gmt":"2023-07-15T11:33:21","guid":{"rendered":"https:\/\/subdomains.fengshuiconsult.ro\/?page_id=157"},"modified":"2023-07-16T05:43:06","modified_gmt":"2023-07-16T05:43:06","slug":"consultanta-feng-shui-ramnicu-valcea","status":"publish","type":"page","link":"https:\/\/subdomains.fengshuiconsult.ro\/index.php\/consultanta-feng-shui-ramnicu-valcea\/","title":{"rendered":"Consultan\u021b\u0103 Feng Shui &#8211; R\u00e2mnicu V\u00e2lcea"},"content":{"rendered":"<div class=\"wp-block-image\">\n<figure class=\"alignright size-full\"><img loading=\"lazy\" decoding=\"async\" width=\"245\" height=\"225\" src=\"https:\/\/subdomains.fengshuiconsult.ro\/wp-content\/uploads\/2023\/07\/busola_feng_shui.jpg\" alt=\"Consultan\u021b\u0103 Feng Shui\" class=\"wp-image-20\"\/><\/figure>\n<\/div>\n\n\n<p><strong>&#8211; V\u0103 doriti o via\u021b\u0103 lini\u0219tit\u0103 \u0219i \u00eemplinit\u0103? <\/strong><br><strong>&#8211; V-a\u021bi mutat \u00eentr-o cas\u0103 nou\u0103 \u0219i lucrurile nu merg cum trebuie? <\/strong><br><strong>&#8211; V\u0103 construi\u021bi o cas\u0103 \u0219i vre\u021bi s\u0103 \u0219ti\u021bi dac\u0103 este armonizat\u0103 cu dumneavoastr\u0103? <\/strong><br><strong>&#8211; Ave\u021bi probleme \u00een familie \u0219i vre\u021bi s\u0103 le elimina\u021bi?<\/strong><\/p>\n\n\n\n<p>Este timpul sa apelati la sfaturile consultantilor Feng Shui, care va vor arata pas cu pas, intr-un mod simplu, ce schimbari trebuie sa faceti pentru a aduce armonia, sanatatea, abundenta si prosperitatea in viata dumneavoastra.<\/p>\n\n\n\n<p><strong>Ce este Feng Shui?<\/strong> Feng Shui este o stiinta si o arta asiatica, care va arata cum sa amenajati spatiul pentru a fi in armonie cu natura, cu cei din jur si cu dumneavoastra insiva. Feng Shui este un mod de viata &#8211; odata ce i-ati inteles si aplicat principiile, totul devine mai luminos si frumos in viata dumneavoastra.<\/p>\n\n\n\n<p><strong>Ce nu este Feng Shui?<\/strong> Feng Shui nu este o religie si nu este o secta.<\/p>\n\n\n\n<h2 class=\"wp-block-heading\">In ce consta o consultanta Feng Shui?<\/h2>\n\n\n\n<p>O consultanta Feng Shui in R\u00e2mnicu V\u00e2lcea presupune deplasarea echipei noastre la spatiul indicat de dumneavoastra, analizarea acestuia si realizarea modificarilor care se impun, in masura in care acestea pot fi facute: schimbarea pozitiei mobilei, schimbarea culorilor sau a decorului, schimbarea destinatiei unei camere cu a alteia, amplasarea corespunzatoare a remeiilor Feng Shui.<\/p>\n\n\n\n<p>In functie de destinatia spatiului (locuinta sau firma) se va amplifica un plan sau celalalt: sentimental, al santatii, al banilor &#8211; sau se va realiza un echilibru intre ele.<\/p>\n\n\n\n<h2 class=\"wp-block-heading\">Cat dureaza o consultanta Feng Shui in R\u00e2mnicu V\u00e2lcea?<\/h2>\n\n\n\n<p>Consultanta Feng Shui in R\u00e2mnicu V\u00e2lcea presupune un set de calcule Feng Shui precum si pozitionarea corecta a remediilor Feng Shui, pentru a obtine rezultatul dorit si se desfasoara, in functie de dimensiunea spatiului analizat, pe durata a cateva ore pana la o zi. (Totusi, va rugam sa intelegeti ca, din cauza cheltuielilor aferente deplasarii si a remediilor Feng Shui, suma minima de plata pentru o consultanta Feng Shui este de 3000 lei.)<\/p>\n\n\n\n<h2 class=\"wp-block-heading\">Cat costa o consultanta Feng Shui in R\u00e2mnicu V\u00e2lcea?<\/h2>\n\n\n\n<p>Pentru a avea o baza de pornire, pretul unei consultante Feng Shui in R\u00e2mnicu V\u00e2lcea este de 5 Euro\/metru patrat analizat. In acest tarif intra deplasarea echipei noastre, analiza Feng Shui propriu zisa si remediile Feng Shui care trebuie amplasate.<\/p>\n\n\n\n<p>In cazul in care situatia dumneavoastra nu se imbunatateste, vom realiza o noua consultanta Feng Shui in R\u00e2mnicu V\u00e2lcea, aceasta fiind gratuita.<\/p>\n\n\n\n<h2 class=\"wp-block-heading\">Ce ar trebui sa obtineti in urma unei consultante Feng Shui?<\/h2>\n\n\n\n<p>Raspunsul la aceasta intrebare este unul simplu si in acelasi timp unul complex.<\/p>\n\n\n\n<p>Raspunsul simplu: problema sau problemele pentru care ati apelat la sfaturile noastre a fost eliminata: au disparut problemele de sanatate, blocajele financiare sau tensiunea in familie.<\/p>\n\n\n\n<p>Raspunsul complex: Feng Shui este un mod de viata. Veti invata cum sa nu repetati anumite greseli care v-au adus intr-un punct mort si ce ar trebui sa faceti in viitor pentru a va bucura de fericire, sanatate, abundenta si iubire.<\/p>\n\n\n\n<p class=\"has-medium-font-size\"><strong>V-am trezit curiozitatea? Va rugam sa ne <a href=\"http:\/\/www.fengshuiconsult.ro\/contact.html\" target=\"_blank\" rel=\"noreferrer noopener\">contactati<\/a> pentru orice alte intrebari suplimentare<\/strong>:<\/p>\n\n\n\n<p><strong>Telefon: (004) &#8211; 0764-19.88.88<\/strong><\/p>\n\n\n\n<p><strong>E-Mail: <a href=\"mailto:info@feng-shui-consult.ro\">info@feng-shui-consult.ro<\/a><\/strong><\/p>\n\n\n\n<p><strong>In functie de programarile existente deja si a timpului nostru disponibil, vom gasi o modalitate de colaborare.<\/strong><\/p>\n\n\n\n<p><strong>Cu drag, Cristina si Dan Reit <\/strong><br><strong>Master Feng Shui &#8211; Malaezia<\/strong><\/p>\n\n\n\n<p><a href=\"http:\/\/www.fengshuiconsult.ro\/despre_noi.html\" target=\"_blank\" rel=\"noreferrer noopener\">Mai multe detalii despre noi.<\/a><\/p>\n\n\n\n<hr class=\"wp-block-separator has-alpha-channel-opacity\"\/>\n","protected":false},"excerpt":{"rendered":"<p>&#8211; V\u0103 doriti o via\u021b\u0103 lini\u0219tit\u0103 \u0219i \u00eemplinit\u0103? &#8211; V-a\u021bi mutat \u00eentr-o cas\u0103 nou\u0103 \u0219i lucrurile nu merg cum trebuie? &#8211; V\u0103 construi\u021bi o cas\u0103 \u0219i vre\u021bi s\u0103 \u0219ti\u021bi dac\u0103 este armonizat\u0103 cu dumneavoastr\u0103? &#8211; Ave\u021bi probleme \u00een familie \u0219i vre\u021bi s\u0103 le elimina\u021bi? Este timpul sa apelati la sfaturile consultantilor Feng Shui, care va &#8230; <a title=\"Consultan\u021b\u0103 Feng Shui &#8211; R\u00e2mnicu V\u00e2lcea\" class=\"read-more\" href=\"https:\/\/subdomains.fengshuiconsult.ro\/index.php\/consultanta-feng-shui-ramnicu-valcea\/\" aria-label=\"Read more about Consultan\u021b\u0103 Feng Shui &#8211; R\u00e2mnicu V\u00e2lcea\">Read more<\/a><\/p>\n","protected":false},"author":1,"featured_media":0,"parent":0,"menu_order":0,"comment_status":"closed","ping_status":"closed","template":"","meta":{"footnotes":""},"class_list":["post-157","page","type-page","status-publish"],"yoast_head":"<!-- This site is optimized with the Yoast SEO plugin v27.3 - https:\/\/yoast.com\/product\/yoast-seo-wordpress\/ -->\n<title>Consultan\u021b\u0103 Feng Shui R\u00e2mnicu V\u00e2lcea<\/title>\n<meta name=\"description\" content=\"C\u0103uta\u021bi o rezolvare la problemele dumneavoastr\u0103? Apela\u021bi la o consultan\u021b\u0103 Feng Shui \u00een R\u00e2mnicu V\u00e2lcea, pentru afaceri, locuin\u021be \u0219i terenuri.\" \/>\n<meta name=\"robots\" content=\"index, follow, max-snippet:-1, max-image-preview:large, max-video-preview:-1\" \/>\n<link rel=\"canonical\" href=\"https:\/\/subdomains.fengshuiconsult.ro\/index.php\/consultanta-feng-shui-ramnicu-valcea\/\" \/>\n<meta property=\"og:locale\" content=\"en_US\" \/>\n<meta property=\"og:type\" content=\"article\" \/>\n<meta property=\"og:title\" content=\"Consultan\u021b\u0103 Feng Shui R\u00e2mnicu V\u00e2lcea\" \/>\n<meta property=\"og:description\" content=\"C\u0103uta\u021bi o rezolvare la problemele dumneavoastr\u0103? Apela\u021bi la o consultan\u021b\u0103 Feng Shui \u00een R\u00e2mnicu V\u00e2lcea, pentru afaceri, locuin\u021be \u0219i terenuri.\" \/>\n<meta property=\"og:url\" content=\"https:\/\/subdomains.fengshuiconsult.ro\/index.php\/consultanta-feng-shui-ramnicu-valcea\/\" \/>\n<meta property=\"og:site_name\" content=\"Sub\" \/>\n<meta property=\"article:modified_time\" content=\"2023-07-16T05:43:06+00:00\" \/>\n<meta property=\"og:image\" content=\"https:\/\/subdomains.fengshuiconsult.ro\/wp-content\/uploads\/2023\/07\/busola_feng_shui.jpg\" \/>\n<meta name=\"twitter:card\" content=\"summary_large_image\" \/>\n<meta name=\"twitter:label1\" content=\"Est. reading time\" \/>\n\t<meta name=\"twitter:data1\" content=\"3 minutes\" \/>\n<script type=\"application\/ld+json\" class=\"yoast-schema-graph\">{\"@context\":\"https:\\\/\\\/schema.org\",\"@graph\":[{\"@type\":\"WebPage\",\"@id\":\"https:\\\/\\\/subdomains.fengshuiconsult.ro\\\/index.php\\\/consultanta-feng-shui-ramnicu-valcea\\\/\",\"url\":\"https:\\\/\\\/subdomains.fengshuiconsult.ro\\\/index.php\\\/consultanta-feng-shui-ramnicu-valcea\\\/\",\"name\":\"Consultan\u021b\u0103 Feng Shui R\u00e2mnicu V\u00e2lcea\",\"isPartOf\":{\"@id\":\"https:\\\/\\\/subdomains.fengshuiconsult.ro\\\/#website\"},\"primaryImageOfPage\":{\"@id\":\"https:\\\/\\\/subdomains.fengshuiconsult.ro\\\/index.php\\\/consultanta-feng-shui-ramnicu-valcea\\\/#primaryimage\"},\"image\":{\"@id\":\"https:\\\/\\\/subdomains.fengshuiconsult.ro\\\/index.php\\\/consultanta-feng-shui-ramnicu-valcea\\\/#primaryimage\"},\"thumbnailUrl\":\"https:\\\/\\\/subdomains.fengshuiconsult.ro\\\/wp-content\\\/uploads\\\/2023\\\/07\\\/busola_feng_shui.jpg\",\"datePublished\":\"2023-07-15T11:33:21+00:00\",\"dateModified\":\"2023-07-16T05:43:06+00:00\",\"description\":\"C\u0103uta\u021bi o rezolvare la problemele dumneavoastr\u0103? Apela\u021bi la o consultan\u021b\u0103 Feng Shui \u00een R\u00e2mnicu V\u00e2lcea, pentru afaceri, locuin\u021be \u0219i terenuri.\",\"breadcrumb\":{\"@id\":\"https:\\\/\\\/subdomains.fengshuiconsult.ro\\\/index.php\\\/consultanta-feng-shui-ramnicu-valcea\\\/#breadcrumb\"},\"inLanguage\":\"en-US\",\"potentialAction\":[{\"@type\":\"ReadAction\",\"target\":[\"https:\\\/\\\/subdomains.fengshuiconsult.ro\\\/index.php\\\/consultanta-feng-shui-ramnicu-valcea\\\/\"]}]},{\"@type\":\"ImageObject\",\"inLanguage\":\"en-US\",\"@id\":\"https:\\\/\\\/subdomains.fengshuiconsult.ro\\\/index.php\\\/consultanta-feng-shui-ramnicu-valcea\\\/#primaryimage\",\"url\":\"https:\\\/\\\/subdomains.fengshuiconsult.ro\\\/wp-content\\\/uploads\\\/2023\\\/07\\\/busola_feng_shui.jpg\",\"contentUrl\":\"https:\\\/\\\/subdomains.fengshuiconsult.ro\\\/wp-content\\\/uploads\\\/2023\\\/07\\\/busola_feng_shui.jpg\",\"width\":245,\"height\":225},{\"@type\":\"BreadcrumbList\",\"@id\":\"https:\\\/\\\/subdomains.fengshuiconsult.ro\\\/index.php\\\/consultanta-feng-shui-ramnicu-valcea\\\/#breadcrumb\",\"itemListElement\":[{\"@type\":\"ListItem\",\"position\":1,\"name\":\"Prima pagin\u0103\",\"item\":\"https:\\\/\\\/subdomains.fengshuiconsult.ro\\\/\"},{\"@type\":\"ListItem\",\"position\":2,\"name\":\"Consultan\u021b\u0103 Feng Shui &#8211; R\u00e2mnicu V\u00e2lcea\"}]},{\"@type\":\"WebSite\",\"@id\":\"https:\\\/\\\/subdomains.fengshuiconsult.ro\\\/#website\",\"url\":\"https:\\\/\\\/subdomains.fengshuiconsult.ro\\\/\",\"name\":\"Consultan\u021b\u0103 Feng Shui \u00een Romania \u0219i str\u0103in\u0103tate\",\"description\":\"\",\"publisher\":{\"@id\":\"https:\\\/\\\/subdomains.fengshuiconsult.ro\\\/#organization\"},\"potentialAction\":[{\"@type\":\"SearchAction\",\"target\":{\"@type\":\"EntryPoint\",\"urlTemplate\":\"https:\\\/\\\/subdomains.fengshuiconsult.ro\\\/?s={search_term_string}\"},\"query-input\":{\"@type\":\"PropertyValueSpecification\",\"valueRequired\":true,\"valueName\":\"search_term_string\"}}],\"inLanguage\":\"en-US\"},{\"@type\":\"Organization\",\"@id\":\"https:\\\/\\\/subdomains.fengshuiconsult.ro\\\/#organization\",\"name\":\"Feng Shui Consult\",\"url\":\"https:\\\/\\\/subdomains.fengshuiconsult.ro\\\/\",\"logo\":{\"@type\":\"ImageObject\",\"inLanguage\":\"en-US\",\"@id\":\"https:\\\/\\\/subdomains.fengshuiconsult.ro\\\/#\\\/schema\\\/logo\\\/image\\\/\",\"url\":\"https:\\\/\\\/subdomains.fengshuiconsult.ro\\\/wp-content\\\/uploads\\\/2023\\\/07\\\/nodul-mistic-rosu.png\",\"contentUrl\":\"https:\\\/\\\/subdomains.fengshuiconsult.ro\\\/wp-content\\\/uploads\\\/2023\\\/07\\\/nodul-mistic-rosu.png\",\"width\":600,\"height\":455,\"caption\":\"Feng Shui Consult\"},\"image\":{\"@id\":\"https:\\\/\\\/subdomains.fengshuiconsult.ro\\\/#\\\/schema\\\/logo\\\/image\\\/\"}}]}<\/script>\n<!-- \/ Yoast SEO plugin. -->","yoast_head_json":{"title":"Consultan\u021b\u0103 Feng Shui R\u00e2mnicu V\u00e2lcea","description":"C\u0103uta\u021bi o rezolvare la problemele dumneavoastr\u0103? Apela\u021bi la o consultan\u021b\u0103 Feng Shui \u00een R\u00e2mnicu V\u00e2lcea, pentru afaceri, locuin\u021be \u0219i terenuri.","robots":{"index":"index","follow":"follow","max-snippet":"max-snippet:-1","max-image-preview":"max-image-preview:large","max-video-preview":"max-video-preview:-1"},"canonical":"https:\/\/subdomains.fengshuiconsult.ro\/index.php\/consultanta-feng-shui-ramnicu-valcea\/","og_locale":"en_US","og_type":"article","og_title":"Consultan\u021b\u0103 Feng Shui R\u00e2mnicu V\u00e2lcea","og_description":"C\u0103uta\u021bi o rezolvare la problemele dumneavoastr\u0103? Apela\u021bi la o consultan\u021b\u0103 Feng Shui \u00een R\u00e2mnicu V\u00e2lcea, pentru afaceri, locuin\u021be \u0219i terenuri.","og_url":"https:\/\/subdomains.fengshuiconsult.ro\/index.php\/consultanta-feng-shui-ramnicu-valcea\/","og_site_name":"Sub","article_modified_time":"2023-07-16T05:43:06+00:00","og_image":[{"url":"https:\/\/subdomains.fengshuiconsult.ro\/wp-content\/uploads\/2023\/07\/busola_feng_shui.jpg","type":"","width":"","height":""}],"twitter_card":"summary_large_image","twitter_misc":{"Est. reading time":"3 minutes"},"schema":{"@context":"https:\/\/schema.org","@graph":[{"@type":"WebPage","@id":"https:\/\/subdomains.fengshuiconsult.ro\/index.php\/consultanta-feng-shui-ramnicu-valcea\/","url":"https:\/\/subdomains.fengshuiconsult.ro\/index.php\/consultanta-feng-shui-ramnicu-valcea\/","name":"Consultan\u021b\u0103 Feng Shui R\u00e2mnicu V\u00e2lcea","isPartOf":{"@id":"https:\/\/subdomains.fengshuiconsult.ro\/#website"},"primaryImageOfPage":{"@id":"https:\/\/subdomains.fengshuiconsult.ro\/index.php\/consultanta-feng-shui-ramnicu-valcea\/#primaryimage"},"image":{"@id":"https:\/\/subdomains.fengshuiconsult.ro\/index.php\/consultanta-feng-shui-ramnicu-valcea\/#primaryimage"},"thumbnailUrl":"https:\/\/subdomains.fengshuiconsult.ro\/wp-content\/uploads\/2023\/07\/busola_feng_shui.jpg","datePublished":"2023-07-15T11:33:21+00:00","dateModified":"2023-07-16T05:43:06+00:00","description":"C\u0103uta\u021bi o rezolvare la problemele dumneavoastr\u0103? Apela\u021bi la o consultan\u021b\u0103 Feng Shui \u00een R\u00e2mnicu V\u00e2lcea, pentru afaceri, locuin\u021be \u0219i terenuri.","breadcrumb":{"@id":"https:\/\/subdomains.fengshuiconsult.ro\/index.php\/consultanta-feng-shui-ramnicu-valcea\/#breadcrumb"},"inLanguage":"en-US","potentialAction":[{"@type":"ReadAction","target":["https:\/\/subdomains.fengshuiconsult.ro\/index.php\/consultanta-feng-shui-ramnicu-valcea\/"]}]},{"@type":"ImageObject","inLanguage":"en-US","@id":"https:\/\/subdomains.fengshuiconsult.ro\/index.php\/consultanta-feng-shui-ramnicu-valcea\/#primaryimage","url":"https:\/\/subdomains.fengshuiconsult.ro\/wp-content\/uploads\/2023\/07\/busola_feng_shui.jpg","contentUrl":"https:\/\/subdomains.fengshuiconsult.ro\/wp-content\/uploads\/2023\/07\/busola_feng_shui.jpg","width":245,"height":225},{"@type":"BreadcrumbList","@id":"https:\/\/subdomains.fengshuiconsult.ro\/index.php\/consultanta-feng-shui-ramnicu-valcea\/#breadcrumb","itemListElement":[{"@type":"ListItem","position":1,"name":"Prima pagin\u0103","item":"https:\/\/subdomains.fengshuiconsult.ro\/"},{"@type":"ListItem","position":2,"name":"Consultan\u021b\u0103 Feng Shui &#8211; R\u00e2mnicu V\u00e2lcea"}]},{"@type":"WebSite","@id":"https:\/\/subdomains.fengshuiconsult.ro\/#website","url":"https:\/\/subdomains.fengshuiconsult.ro\/","name":"Consultan\u021b\u0103 Feng Shui \u00een Romania \u0219i str\u0103in\u0103tate","description":"","publisher":{"@id":"https:\/\/subdomains.fengshuiconsult.ro\/#organization"},"potentialAction":[{"@type":"SearchAction","target":{"@type":"EntryPoint","urlTemplate":"https:\/\/subdomains.fengshuiconsult.ro\/?s={search_term_string}"},"query-input":{"@type":"PropertyValueSpecification","valueRequired":true,"valueName":"search_term_string"}}],"inLanguage":"en-US"},{"@type":"Organization","@id":"https:\/\/subdomains.fengshuiconsult.ro\/#organization","name":"Feng Shui Consult","url":"https:\/\/subdomains.fengshuiconsult.ro\/","logo":{"@type":"ImageObject","inLanguage":"en-US","@id":"https:\/\/subdomains.fengshuiconsult.ro\/#\/schema\/logo\/image\/","url":"https:\/\/subdomains.fengshuiconsult.ro\/wp-content\/uploads\/2023\/07\/nodul-mistic-rosu.png","contentUrl":"https:\/\/subdomains.fengshuiconsult.ro\/wp-content\/uploads\/2023\/07\/nodul-mistic-rosu.png","width":600,"height":455,"caption":"Feng Shui Consult"},"image":{"@id":"https:\/\/subdomains.fengshuiconsult.ro\/#\/schema\/logo\/image\/"}}]}},"_links":{"self":[{"href":"https:\/\/subdomains.fengshuiconsult.ro\/index.php\/wp-json\/wp\/v2\/pages\/157","targetHints":{"allow":["GET"]}}],"collection":[{"href":"https:\/\/subdomains.fengshuiconsult.ro\/index.php\/wp-json\/wp\/v2\/pages"}],"about":[{"href":"https:\/\/subdomains.fengshuiconsult.ro\/index.php\/wp-json\/wp\/v2\/types\/page"}],"author":[{"embeddable":true,"href":"https:\/\/subdomains.fengshuiconsult.ro\/index.php\/wp-json\/wp\/v2\/users\/1"}],"replies":[{"embeddable":true,"href":"https:\/\/subdomains.fengshuiconsult.ro\/index.php\/wp-json\/wp\/v2\/comments?post=157"}],"version-history":[{"count":0,"href":"https:\/\/subdomains.fengshuiconsult.ro\/index.php\/wp-json\/wp\/v2\/pages\/157\/revisions"}],"wp:attachment":[{"href":"https:\/\/subdomains.fengshuiconsult.ro\/index.php\/wp-json\/wp\/v2\/media?parent=157"}],"curies":[{"name":"wp","href":"https:\/\/api.w.org\/{rel}","templated":true}]}}