{"id":7,"date":"2023-07-15T05:07:54","date_gmt":"2023-07-15T05:07:54","guid":{"rendered":"https:\/\/subdomains.fengshuiconsult.ro\/?page_id=7"},"modified":"2023-07-15T05:07:54","modified_gmt":"2023-07-15T05:07:54","slug":"termeni-de-utilizare","status":"publish","type":"page","link":"https:\/\/subdomains.fengshuiconsult.ro\/index.php\/termeni-de-utilizare\/","title":{"rendered":"Termeni de utilizare"},"content":{"rendered":"\n<p>V\u0102&nbsp;RUG\u0102M S\u0102 CITI\u0162I CU ATEN\u0162IE TERMENII DE UTILIZARE, \u00ceNAINTE DE VIZITAREA \u015eI FOLOSIREA ACESTUI SITE!<\/p>\n\n\n\n<p>INTRODUCERE<\/p>\n\n\n\n<p>Site-ul www.fengshuiconsult.ro este proprietatea S.C. Feng Shui Consult S.R.L.<\/p>\n\n\n\n<p>FOLOSIREA ACESTUI SITE PRESUPUNE ACCEPTAREA \u201eTERMENILOR DE UTILIZARE\u201d PREZENTA\u0162I \u00ceN ACEAST\u0102 PAGIN\u0102.<\/p>\n\n\n\n<p>S.C.&nbsp;Feng Shui Consult S.R.L. \u00ce\u015eI REZERV\u0102 DREPTUL DE A MODIFICA ORIC\u00c2ND TERMENII DE UTILIZARE AI SITE-ULUI, F\u0102R\u0102 ANUN\u0162&nbsp;PREALABIL.<\/p>\n\n\n\n<p>ACESTE SCHIMB\u0102RI URMEAZ\u0102 A FI EFECTIVE DIN MOMENTUL PUBLIC\u0102RII LOR PE SITE.<\/p>\n\n\n\n<p>V\u0102 RECOMAND\u0102M CITIREA ACESTOR TERMENI DE UTILIZARE \u00ceNAINTE DE FIECARE UTILIZARE A SITE-ULUI!<\/p>\n\n\n\n<p>INFORMA\u0162II \u015eI CON\u0162INUT<\/p>\n\n\n\n<p>Toate informa\u0163iile prezentate pe acest site sunt proprietatea S.C. Feng Shui Consult S.R.L. Selec\u0163ia acestor informa\u0163ii este realizat\u0103 cu foarte mare aten\u0163ie. Totu\u015fi, S.C. Feng Shui Consult S.R.L., angaja\u0163ii acesteia sau colaboratorii nu pot fi f\u0103cu\u0163i responsabili de nici o pagub\u0103 datorat\u0103 func\u0163ion\u0103rii defectuoase a site-ului sau a informa\u0163iilor prezentate pe acesta. \u00cen cazul \u00een care considera\u0163i c\u0103 a\u0163i avut de suferit o daun\u0103 tehnic\u0103 datorit\u0103 func\u0163ion\u0103rii defectuoase a site-ului www.fengshuiconsult.ro sau a informa\u0163iilor prezentate pe acesta, v\u0103 rug\u0103m s\u0103 expedia\u0163i un e-mail la adresa <a href=\"mailto:info@astromagie.com\">info@astromagie.com,<\/a> \u00een care s\u0103 descrie\u0163i am\u0103nun\u0163it condi\u0163iile \u00een care s-a produs defec\u0163iunea sau incidentul. \u00cen caz de litigiu, decizia final\u0103 apar\u0163ine S.C. Feng Shui Consult S.R.L.<\/p>\n\n\n\n<p>DREPTURILE DE AUTOR<\/p>\n\n\n\n<p>\u00centregul con\u0163inut al acestui site este protejat de legile rom\u00e2ne \u015fi internationale referitoare la protec\u0163ia dreptului de autor. Este interzis\u0103 reproducerea de orice fel (total\u0103 sau par\u0163ial\u0103) a con\u0163inutului acestui site, f\u0103r\u0103 permisiunea prealabil\u0103 a S.C. Feng Shui Consult S.R.L. Modificarea sau utilizarea acestui site \u00een alt scop dec\u00e2t cel pentru care a fost creat, \u00eencalc\u0103 prevederile legale referitoare la protec\u0163ia drepturilor intelectuale. Este interzis\u0103 copierea con\u0163inutului site-ului sau accesarea acestuia de programe automate.<br>Dac\u0103 \u00een ciuda eforturilor S.C. Feng Shui Consult S.R.L. de a alege \u015fi prezenta materiale c\u00e2t mai exacte, considera\u0163i c\u0103 s-a produs o \u00eenc\u0103lcare a drepturilor intelectuale pe care le de\u0163ine\u0163i, v\u0103 rug\u0103m s\u0103 ne contacta\u0163i de urgen\u0163\u0103&nbsp;la <a href=\"mailto:info@astromagie.com\">info@astromagie.com<\/a>.<\/p>\n\n\n\n<p>RESPONSABILITATEA S.C. Feng Shui Consult S.R.L.<\/p>\n\n\n\n<p>S.C. Feng Shui Consult S.R.L. face toate eforturile pentru a asigura o func\u0163ionare corespunz\u0103toare a acestui site \u015fi nu poate fi f\u0103cut\u0103 r\u0103spunz\u0103toare \u00een niciun fel pentru vreo deficien\u0163\u0103&nbsp;\u00een func\u0163ionarea software-ului, vreo disfunc\u0163ionalitate a re\u0163elei Internet sau vreo problem\u0103 de compatibilitate pe care utilizatorii o pot avea \u00een folosirea acestui site.<br>S.C. Feng Shui Consult S.R.L. nu este r\u0103spunz\u0103toare pentru incidentele sau \u00eent\u00e2rzierile survenite, ca urmare a defec\u0163iunilor tehnice ap\u0103rute la furnizorii serviciilor ce intermediaz\u0103 accesul dumneavoastr\u0103 la site-ul www.fengshuiconsult.ro (provideri de Internet, furnizori de conexiuni permanente sau de tip dial-up, operatori de telefonie fix\u0103 sau mobil\u0103 etc.), incidente ce pot cauza timpi mari de acces, conexiune la Internet instabil\u0103 sau discontinu\u0103.<br>S.C. Feng Shui Consult S.R.L. nu i se pot imputa \u015fi nu poate fi f\u0103cut\u0103 r\u0103spunz\u0103toare \u00een nici o circumstan\u0163\u0103&nbsp;pentru eventualele daune sau neajunsuri pe care incidentele tehnice le pot aduce utilizatorilor site-ului www.fengshuiconsult.ro.<\/p>\n\n\n\n<p>S.C. Feng Shui Consult S.R.L. depune toate eforturile pentru a oferi informa\u0163ii competente \u015fi complete. S.C. Feng Shui Consult S.R.L., angaja\u0163ii \u015fi colaboratorii s\u0103i nu pot fi f\u0103cu\u0163i responsabili de eventualele daune produse, ca urmare a folosirii informatiilor de pe site-ul www.fengshuiconsult.ro. Folosirea acestor informa\u0163ii revine exclusiv \u00een sarcina utilizatorului care poart\u0103&nbsp;\u00eentreaga responsabilitatea pentru ac\u0163iunile sale, precum \u015fi pentru rezultatele ob\u0163inute.<\/p>\n\n\n\n<p>RESPONSABILITATEA UTILIZATORULUI<\/p>\n\n\n\n<p>Orice utilizator are dreptul de a vedea informa\u0163iile de pe site-ul www.fengshuiconsult.ro.<\/p>\n\n\n\n<p>\u00centreaga responsabilitate pentru folosirea informatiilor prezentate pe site-ul&nbsp;www.fengshuiconsult.ro revine \u00een exclusivitate utilizatorului.<\/p>\n\n\n\n<p>Utilizatorul este de acord s\u0103 primeasc\u0103 de la www.fengshuiconsult.ro inform\u0103ri cu caracter general \u015fi comercial.<\/p>\n\n\n\n<p>ORICE \u00ceNCERCARE DE A MODIFICA, CON\u0162INUTUL SITE-ULUI \u201ewww.fengshuiconsult.ro\u201d SAU DE A AFECTA PERFORMAN\u0162ELE SERVERELOR PE CARE RULEAZ\u0102 ACEST SITE VA FI TRATAT\u0102 CA \u00ceNCERCARE DE FRAUDARE A SITE-ULUI. DE ASEMENEA, SE VA DEPUNE O PL\u00c2NGERE PENAL\u0102 \u00ceMPOTRIVA PERSOANEI CARE A \u00ceNCERCAT ACEST LUCRU.<\/p>\n\n\n\n<p>Ver. 1\/2023<\/p>\n","protected":false},"excerpt":{"rendered":"<p>V\u0102&nbsp;RUG\u0102M S\u0102 CITI\u0162I CU ATEN\u0162IE TERMENII DE UTILIZARE, \u00ceNAINTE DE VIZITAREA \u015eI FOLOSIREA ACESTUI SITE! INTRODUCERE Site-ul www.fengshuiconsult.ro este proprietatea S.C. Feng Shui Consult S.R.L. FOLOSIREA ACESTUI SITE PRESUPUNE ACCEPTAREA \u201eTERMENILOR DE UTILIZARE\u201d PREZENTA\u0162I \u00ceN ACEAST\u0102 PAGIN\u0102. S.C.&nbsp;Feng Shui Consult S.R.L. \u00ce\u015eI REZERV\u0102 DREPTUL DE A MODIFICA ORIC\u00c2ND TERMENII DE UTILIZARE AI SITE-ULUI, F\u0102R\u0102 ANUN\u0162&nbsp;PREALABIL. &#8230; <a title=\"Termeni de utilizare\" class=\"read-more\" href=\"https:\/\/subdomains.fengshuiconsult.ro\/index.php\/termeni-de-utilizare\/\" aria-label=\"Read more about Termeni de utilizare\">Read more<\/a><\/p>\n","protected":false},"author":1,"featured_media":0,"parent":0,"menu_order":0,"comment_status":"closed","ping_status":"closed","template":"","meta":{"footnotes":""},"class_list":["post-7","page","type-page","status-publish"],"yoast_head":"<!-- This site is optimized with the Yoast SEO plugin v27.5 - https:\/\/yoast.com\/product\/yoast-seo-wordpress\/ -->\n<title>Termeni de utilizare - Sub<\/title>\n<meta name=\"robots\" content=\"index, follow, max-snippet:-1, max-image-preview:large, max-video-preview:-1\" \/>\n<link rel=\"canonical\" href=\"https:\/\/subdomains.fengshuiconsult.ro\/index.php\/termeni-de-utilizare\/\" \/>\n<meta property=\"og:locale\" content=\"en_US\" \/>\n<meta property=\"og:type\" content=\"article\" \/>\n<meta property=\"og:title\" content=\"Termeni de utilizare - Sub\" \/>\n<meta property=\"og:description\" content=\"V\u0102&nbsp;RUG\u0102M S\u0102 CITI\u0162I CU ATEN\u0162IE TERMENII DE UTILIZARE, \u00ceNAINTE DE VIZITAREA \u015eI FOLOSIREA ACESTUI SITE! INTRODUCERE Site-ul www.fengshuiconsult.ro este proprietatea S.C. Feng Shui Consult S.R.L. FOLOSIREA ACESTUI SITE PRESUPUNE ACCEPTAREA \u201eTERMENILOR DE UTILIZARE\u201d PREZENTA\u0162I \u00ceN ACEAST\u0102 PAGIN\u0102. S.C.&nbsp;Feng Shui Consult S.R.L. \u00ce\u015eI REZERV\u0102 DREPTUL DE A MODIFICA ORIC\u00c2ND TERMENII DE UTILIZARE AI SITE-ULUI, F\u0102R\u0102 ANUN\u0162&nbsp;PREALABIL. ... Read more\" \/>\n<meta property=\"og:url\" content=\"https:\/\/subdomains.fengshuiconsult.ro\/index.php\/termeni-de-utilizare\/\" \/>\n<meta property=\"og:site_name\" content=\"Sub\" \/>\n<meta name=\"twitter:card\" content=\"summary_large_image\" \/>\n<meta name=\"twitter:label1\" content=\"Est. reading time\" \/>\n\t<meta name=\"twitter:data1\" content=\"4 minutes\" \/>\n<script type=\"application\/ld+json\" class=\"yoast-schema-graph\">{\"@context\":\"https:\\\/\\\/schema.org\",\"@graph\":[{\"@type\":\"WebPage\",\"@id\":\"https:\\\/\\\/subdomains.fengshuiconsult.ro\\\/index.php\\\/termeni-de-utilizare\\\/\",\"url\":\"https:\\\/\\\/subdomains.fengshuiconsult.ro\\\/index.php\\\/termeni-de-utilizare\\\/\",\"name\":\"Termeni de utilizare - Sub\",\"isPartOf\":{\"@id\":\"https:\\\/\\\/subdomains.fengshuiconsult.ro\\\/#website\"},\"datePublished\":\"2023-07-15T05:07:54+00:00\",\"breadcrumb\":{\"@id\":\"https:\\\/\\\/subdomains.fengshuiconsult.ro\\\/index.php\\\/termeni-de-utilizare\\\/#breadcrumb\"},\"inLanguage\":\"en-US\",\"potentialAction\":[{\"@type\":\"ReadAction\",\"target\":[\"https:\\\/\\\/subdomains.fengshuiconsult.ro\\\/index.php\\\/termeni-de-utilizare\\\/\"]}]},{\"@type\":\"BreadcrumbList\",\"@id\":\"https:\\\/\\\/subdomains.fengshuiconsult.ro\\\/index.php\\\/termeni-de-utilizare\\\/#breadcrumb\",\"itemListElement\":[{\"@type\":\"ListItem\",\"position\":1,\"name\":\"Prima pagin\u0103\",\"item\":\"https:\\\/\\\/subdomains.fengshuiconsult.ro\\\/\"},{\"@type\":\"ListItem\",\"position\":2,\"name\":\"Termeni de utilizare\"}]},{\"@type\":\"WebSite\",\"@id\":\"https:\\\/\\\/subdomains.fengshuiconsult.ro\\\/#website\",\"url\":\"https:\\\/\\\/subdomains.fengshuiconsult.ro\\\/\",\"name\":\"Consultan\u021b\u0103 Feng Shui \u00een Romania \u0219i str\u0103in\u0103tate\",\"description\":\"\",\"publisher\":{\"@id\":\"https:\\\/\\\/subdomains.fengshuiconsult.ro\\\/#organization\"},\"potentialAction\":[{\"@type\":\"SearchAction\",\"target\":{\"@type\":\"EntryPoint\",\"urlTemplate\":\"https:\\\/\\\/subdomains.fengshuiconsult.ro\\\/?s={search_term_string}\"},\"query-input\":{\"@type\":\"PropertyValueSpecification\",\"valueRequired\":true,\"valueName\":\"search_term_string\"}}],\"inLanguage\":\"en-US\"},{\"@type\":\"Organization\",\"@id\":\"https:\\\/\\\/subdomains.fengshuiconsult.ro\\\/#organization\",\"name\":\"Feng Shui Consult\",\"url\":\"https:\\\/\\\/subdomains.fengshuiconsult.ro\\\/\",\"logo\":{\"@type\":\"ImageObject\",\"inLanguage\":\"en-US\",\"@id\":\"https:\\\/\\\/subdomains.fengshuiconsult.ro\\\/#\\\/schema\\\/logo\\\/image\\\/\",\"url\":\"https:\\\/\\\/subdomains.fengshuiconsult.ro\\\/wp-content\\\/uploads\\\/2023\\\/07\\\/nodul-mistic-rosu.png\",\"contentUrl\":\"https:\\\/\\\/subdomains.fengshuiconsult.ro\\\/wp-content\\\/uploads\\\/2023\\\/07\\\/nodul-mistic-rosu.png\",\"width\":600,\"height\":455,\"caption\":\"Feng Shui Consult\"},\"image\":{\"@id\":\"https:\\\/\\\/subdomains.fengshuiconsult.ro\\\/#\\\/schema\\\/logo\\\/image\\\/\"}}]}<\/script>\n<!-- \/ Yoast SEO plugin. -->","yoast_head_json":{"title":"Termeni de utilizare - Sub","robots":{"index":"index","follow":"follow","max-snippet":"max-snippet:-1","max-image-preview":"max-image-preview:large","max-video-preview":"max-video-preview:-1"},"canonical":"https:\/\/subdomains.fengshuiconsult.ro\/index.php\/termeni-de-utilizare\/","og_locale":"en_US","og_type":"article","og_title":"Termeni de utilizare - Sub","og_description":"V\u0102&nbsp;RUG\u0102M S\u0102 CITI\u0162I CU ATEN\u0162IE TERMENII DE UTILIZARE, \u00ceNAINTE DE VIZITAREA \u015eI FOLOSIREA ACESTUI SITE! INTRODUCERE Site-ul www.fengshuiconsult.ro este proprietatea S.C. Feng Shui Consult S.R.L. FOLOSIREA ACESTUI SITE PRESUPUNE ACCEPTAREA \u201eTERMENILOR DE UTILIZARE\u201d PREZENTA\u0162I \u00ceN ACEAST\u0102 PAGIN\u0102. S.C.&nbsp;Feng Shui Consult S.R.L. \u00ce\u015eI REZERV\u0102 DREPTUL DE A MODIFICA ORIC\u00c2ND TERMENII DE UTILIZARE AI SITE-ULUI, F\u0102R\u0102 ANUN\u0162&nbsp;PREALABIL. ... Read more","og_url":"https:\/\/subdomains.fengshuiconsult.ro\/index.php\/termeni-de-utilizare\/","og_site_name":"Sub","twitter_card":"summary_large_image","twitter_misc":{"Est. reading time":"4 minutes"},"schema":{"@context":"https:\/\/schema.org","@graph":[{"@type":"WebPage","@id":"https:\/\/subdomains.fengshuiconsult.ro\/index.php\/termeni-de-utilizare\/","url":"https:\/\/subdomains.fengshuiconsult.ro\/index.php\/termeni-de-utilizare\/","name":"Termeni de utilizare - Sub","isPartOf":{"@id":"https:\/\/subdomains.fengshuiconsult.ro\/#website"},"datePublished":"2023-07-15T05:07:54+00:00","breadcrumb":{"@id":"https:\/\/subdomains.fengshuiconsult.ro\/index.php\/termeni-de-utilizare\/#breadcrumb"},"inLanguage":"en-US","potentialAction":[{"@type":"ReadAction","target":["https:\/\/subdomains.fengshuiconsult.ro\/index.php\/termeni-de-utilizare\/"]}]},{"@type":"BreadcrumbList","@id":"https:\/\/subdomains.fengshuiconsult.ro\/index.php\/termeni-de-utilizare\/#breadcrumb","itemListElement":[{"@type":"ListItem","position":1,"name":"Prima pagin\u0103","item":"https:\/\/subdomains.fengshuiconsult.ro\/"},{"@type":"ListItem","position":2,"name":"Termeni de utilizare"}]},{"@type":"WebSite","@id":"https:\/\/subdomains.fengshuiconsult.ro\/#website","url":"https:\/\/subdomains.fengshuiconsult.ro\/","name":"Consultan\u021b\u0103 Feng Shui \u00een Romania \u0219i str\u0103in\u0103tate","description":"","publisher":{"@id":"https:\/\/subdomains.fengshuiconsult.ro\/#organization"},"potentialAction":[{"@type":"SearchAction","target":{"@type":"EntryPoint","urlTemplate":"https:\/\/subdomains.fengshuiconsult.ro\/?s={search_term_string}"},"query-input":{"@type":"PropertyValueSpecification","valueRequired":true,"valueName":"search_term_string"}}],"inLanguage":"en-US"},{"@type":"Organization","@id":"https:\/\/subdomains.fengshuiconsult.ro\/#organization","name":"Feng Shui Consult","url":"https:\/\/subdomains.fengshuiconsult.ro\/","logo":{"@type":"ImageObject","inLanguage":"en-US","@id":"https:\/\/subdomains.fengshuiconsult.ro\/#\/schema\/logo\/image\/","url":"https:\/\/subdomains.fengshuiconsult.ro\/wp-content\/uploads\/2023\/07\/nodul-mistic-rosu.png","contentUrl":"https:\/\/subdomains.fengshuiconsult.ro\/wp-content\/uploads\/2023\/07\/nodul-mistic-rosu.png","width":600,"height":455,"caption":"Feng Shui Consult"},"image":{"@id":"https:\/\/subdomains.fengshuiconsult.ro\/#\/schema\/logo\/image\/"}}]}},"_links":{"self":[{"href":"https:\/\/subdomains.fengshuiconsult.ro\/index.php\/wp-json\/wp\/v2\/pages\/7","targetHints":{"allow":["GET"]}}],"collection":[{"href":"https:\/\/subdomains.fengshuiconsult.ro\/index.php\/wp-json\/wp\/v2\/pages"}],"about":[{"href":"https:\/\/subdomains.fengshuiconsult.ro\/index.php\/wp-json\/wp\/v2\/types\/page"}],"author":[{"embeddable":true,"href":"https:\/\/subdomains.fengshuiconsult.ro\/index.php\/wp-json\/wp\/v2\/users\/1"}],"replies":[{"embeddable":true,"href":"https:\/\/subdomains.fengshuiconsult.ro\/index.php\/wp-json\/wp\/v2\/comments?post=7"}],"version-history":[{"count":0,"href":"https:\/\/subdomains.fengshuiconsult.ro\/index.php\/wp-json\/wp\/v2\/pages\/7\/revisions"}],"wp:attachment":[{"href":"https:\/\/subdomains.fengshuiconsult.ro\/index.php\/wp-json\/wp\/v2\/media?parent=7"}],"curies":[{"name":"wp","href":"https:\/\/api.w.org\/{rel}","templated":true}]}}